{"id":47,"date":"2019-11-13T17:00:55","date_gmt":"2019-11-13T17:00:55","guid":{"rendered":"https:\/\/steinboeck.ch\/?page_id=47"},"modified":"2021-02-20T16:48:54","modified_gmt":"2021-02-20T16:48:54","slug":"ich-wuenschte-sehr-der-menge-zu-behagen","status":"publish","type":"page","link":"https:\/\/steinboeck.ch\/","title":{"rendered":"Ich w\u00fcnschte sehr, der Menge zu behagen"},"content":{"rendered":"\t\t<div data-elementor-type=\"wp-page\" data-elementor-id=\"47\" class=\"elementor elementor-47\">\n\t\t\t\t\t\t\t\t\t<section class=\"elementor-section elementor-top-section elementor-element elementor-element-a533c76 elementor-section-boxed elementor-section-height-default elementor-section-height-default\" data-id=\"a533c76\" data-element_type=\"section\">\n\t\t\t\t\t\t<div class=\"elementor-container elementor-column-gap-default\">\n\t\t\t\t\t<div class=\"elementor-column elementor-col-100 elementor-top-column elementor-element elementor-element-d95416a\" data-id=\"d95416a\" data-element_type=\"column\">\n\t\t\t<div class=\"elementor-widget-wrap elementor-element-populated\">\n\t\t\t\t\t\t\t\t<div class=\"elementor-element elementor-element-e3a6df0 elementor-widget elementor-widget-text-editor\" data-id=\"e3a6df0\" data-element_type=\"widget\" data-widget_type=\"text-editor.default\">\n\t\t\t\t<div class=\"elementor-widget-container\">\n\t\t\t\t\t\t\t<p>&#8222;Ich weiss, wie man den Geist des Volks vers\u00f6hnt;<\/p>\n<p>doch so verlegen bin ich nie gewesen.<\/p>\n<p>Zwar sind sie an das Beste nicht gew\u00f6hnt.<\/p>\n<p>Allein, sie haben schrecklich viel gelesen!&#8220;<\/p>\t\t\t\t\t\t<\/div>\n\t\t\t\t<\/div>\n\t\t\t\t\t<\/div>\n\t\t<\/div>\n\t\t\t\t\t\t\t<\/div>\n\t\t<\/section>\n\t\t\t\t<section class=\"elementor-section elementor-top-section elementor-element elementor-element-0652a70 elementor-section-boxed elementor-section-height-default elementor-section-height-default\" data-id=\"0652a70\" data-element_type=\"section\">\n\t\t\t\t\t\t<div class=\"elementor-container elementor-column-gap-default\">\n\t\t\t\t\t<div class=\"elementor-column elementor-col-100 elementor-top-column elementor-element elementor-element-be3caea\" data-id=\"be3caea\" data-element_type=\"column\">\n\t\t\t<div class=\"elementor-widget-wrap elementor-element-populated\">\n\t\t\t\t\t\t\t\t<div class=\"elementor-element elementor-element-3894f2f elementor-widget elementor-widget-text-editor\" data-id=\"3894f2f\" data-element_type=\"widget\" data-widget_type=\"text-editor.default\">\n\t\t\t\t<div class=\"elementor-widget-container\">\n\t\t\t\t\t\t\t<p style=\"text-align: right;\">Goethe Faust I, Vorspiel auf dem Theater V43-46<\/p>\t\t\t\t\t\t<\/div>\n\t\t\t\t<\/div>\n\t\t\t\t\t<\/div>\n\t\t<\/div>\n\t\t\t\t\t\t\t<\/div>\n\t\t<\/section>\n\t\t\t\t<section class=\"elementor-section elementor-top-section elementor-element elementor-element-b4e6229 elementor-section-boxed elementor-section-height-default elementor-section-height-default\" data-id=\"b4e6229\" data-element_type=\"section\">\n\t\t\t\t\t\t<div class=\"elementor-container elementor-column-gap-default\">\n\t\t\t\t\t<div class=\"elementor-column elementor-col-100 elementor-top-column elementor-element elementor-element-0044863\" data-id=\"0044863\" data-element_type=\"column\">\n\t\t\t<div class=\"elementor-widget-wrap elementor-element-populated\">\n\t\t\t\t\t\t\t\t<div class=\"elementor-element elementor-element-a617603 elementor-widget elementor-widget-spacer\" data-id=\"a617603\" data-element_type=\"widget\" data-widget_type=\"spacer.default\">\n\t\t\t\t<div class=\"elementor-widget-container\">\n\t\t\t\t\t<div class=\"elementor-spacer\">\n\t\t\t<div class=\"elementor-spacer-inner\"><\/div>\n\t\t<\/div>\n\t\t\t\t<\/div>\n\t\t\t\t<\/div>\n\t\t\t\t<div class=\"elementor-element elementor-element-fcde693 elementor-widget-divider--view-line elementor-widget elementor-widget-divider\" data-id=\"fcde693\" data-element_type=\"widget\" data-widget_type=\"divider.default\">\n\t\t\t\t<div class=\"elementor-widget-container\">\n\t\t\t\t\t<div class=\"elementor-divider\">\n\t\t\t<span class=\"elementor-divider-separator\">\n\t\t\t\t\t\t<\/span>\n\t\t<\/div>\n\t\t\t\t<\/div>\n\t\t\t\t<\/div>\n\t\t\t\t\t<\/div>\n\t\t<\/div>\n\t\t\t\t\t\t\t<\/div>\n\t\t<\/section>\n\t\t\t\t<section class=\"elementor-section elementor-top-section elementor-element elementor-element-58b20d1 elementor-section-boxed elementor-section-height-default elementor-section-height-default\" data-id=\"58b20d1\" data-element_type=\"section\">\n\t\t\t\t\t\t<div class=\"elementor-container elementor-column-gap-default\">\n\t\t\t\t\t<div class=\"elementor-column elementor-col-100 elementor-top-column elementor-element elementor-element-1f14036\" data-id=\"1f14036\" data-element_type=\"column\">\n\t\t\t<div class=\"elementor-widget-wrap elementor-element-populated\">\n\t\t\t\t\t\t\t\t<div class=\"elementor-element elementor-element-bb5b78e elementor-widget elementor-widget-video\" data-id=\"bb5b78e\" data-element_type=\"widget\" data-settings=\"{&quot;youtube_url&quot;:&quot;https:\\\/\\\/youtu.be\\\/1HWTNPvpaUc&quot;,&quot;video_type&quot;:&quot;youtube&quot;,&quot;controls&quot;:&quot;yes&quot;}\" data-widget_type=\"video.default\">\n\t\t\t\t<div class=\"elementor-widget-container\">\n\t\t\t\t\t<div class=\"elementor-wrapper elementor-open-inline\">\n\t\t\t<div class=\"elementor-video\"><\/div>\t\t<\/div>\n\t\t\t\t<\/div>\n\t\t\t\t<\/div>\n\t\t\t\t<div class=\"elementor-element elementor-element-f1fb30e elementor-widget elementor-widget-text-editor\" data-id=\"f1fb30e\" data-element_type=\"widget\" data-widget_type=\"text-editor.default\">\n\t\t\t\t<div class=\"elementor-widget-container\">\n\t\t\t\t\t\t\t<p align=\"left\"><b>Im Winter von Roggwil(BE) zur ber\u00fchmten Linde in Linn (AG)<\/b><i>Ein Film von Walter F. Steinb\u00f6ck Dauer: ca. 12 Minuten<\/i><span style=\"color: #000000;\"><span style=\"font-size: medium;\"><span lang=\"de-CH\">D<\/span><\/span><\/span>er Film zeigt eine Fahrt am 16. 1. 2021 <span style=\"color: #000000;\"><span style=\"font-size: medium;\"><span lang=\"de-CH\">n<\/span><\/span><\/span>ach unerwartet heftigem, neuerlichen Wintereinbruch durch eine verschneite Landschaft von Roggwil (BE) \u00fcber Effingen zur ber\u00fchmten, 800 Jahre alten , 11m Stammumfang umfassenden Linde in Linn (B\u00f6zberg AG).<\/p>\t\t\t\t\t\t<\/div>\n\t\t\t\t<\/div>\n\t\t\t\t<div class=\"elementor-element elementor-element-3cb82b5 elementor-widget elementor-widget-video\" data-id=\"3cb82b5\" data-element_type=\"widget\" data-settings=\"{&quot;youtube_url&quot;:&quot;https:\\\/\\\/youtu.be\\\/GMOK3wUavtw&quot;,&quot;video_type&quot;:&quot;youtube&quot;,&quot;controls&quot;:&quot;yes&quot;}\" data-widget_type=\"video.default\">\n\t\t\t\t<div class=\"elementor-widget-container\">\n\t\t\t\t\t<div class=\"elementor-wrapper elementor-open-inline\">\n\t\t\t<div class=\"elementor-video\"><\/div>\t\t<\/div>\n\t\t\t\t<\/div>\n\t\t\t\t<\/div>\n\t\t\t\t\t<\/div>\n\t\t<\/div>\n\t\t\t\t\t\t\t<\/div>\n\t\t<\/section>\n\t\t\t\t<section class=\"elementor-section elementor-top-section elementor-element elementor-element-0cacf30 elementor-section-boxed elementor-section-height-default elementor-section-height-default\" data-id=\"0cacf30\" data-element_type=\"section\">\n\t\t\t\t\t\t<div class=\"elementor-container elementor-column-gap-default\">\n\t\t\t\t\t<div class=\"elementor-column elementor-col-100 elementor-top-column elementor-element elementor-element-9bf54f6\" data-id=\"9bf54f6\" data-element_type=\"column\">\n\t\t\t<div class=\"elementor-widget-wrap elementor-element-populated\">\n\t\t\t\t\t\t\t\t<div class=\"elementor-element elementor-element-1328f92 elementor-widget elementor-widget-text-editor\" data-id=\"1328f92\" data-element_type=\"widget\" data-widget_type=\"text-editor.default\">\n\t\t\t\t<div class=\"elementor-widget-container\">\n\t\t\t\t\t\t\t<p><strong>Bikers unendliche Freiheit am Palmsonntag 2020<\/strong><\/p><p>Ein Clip der inneren Einkehr von Walter F. Steinb\u00f6ck. Dauer: 7m 22s<\/p><p>Und es begab sich in einem kleinen Ort im Oberaargau: Die dringliche Empfehlung des Bundesrates, zwecks Eind\u00e4mmung der Corona-Virus &#8211; Pandemie und zum Schutz aller zu Hause zu bleiben, versprach einen zur inneren Einkehr in Stille\u00a0 motivierenden Palmsonntag.<\/p><p>Aber die Fr\u00fchlingsgef\u00fchle vieler Biker und T\u00f6ff-Fahrerinnen war eben st\u00e4rker&#8230;<\/p>\t\t\t\t\t\t<\/div>\n\t\t\t\t<\/div>\n\t\t\t\t\t<\/div>\n\t\t<\/div>\n\t\t\t\t\t\t\t<\/div>\n\t\t<\/section>\n\t\t\t\t<section class=\"elementor-section elementor-top-section elementor-element elementor-element-66ab068 elementor-section-boxed elementor-section-height-default elementor-section-height-default\" data-id=\"66ab068\" data-element_type=\"section\">\n\t\t\t\t\t\t<div class=\"elementor-container elementor-column-gap-default\">\n\t\t\t\t\t<div class=\"elementor-column elementor-col-100 elementor-top-column elementor-element elementor-element-f42dc20\" data-id=\"f42dc20\" data-element_type=\"column\">\n\t\t\t<div class=\"elementor-widget-wrap elementor-element-populated\">\n\t\t\t\t\t\t\t\t<div class=\"elementor-element elementor-element-4d945f6 elementor-widget elementor-widget-image\" data-id=\"4d945f6\" data-element_type=\"widget\" data-widget_type=\"image.default\">\n\t\t\t\t<div class=\"elementor-widget-container\">\n\t\t\t\t\t\t\t\t\t\t\t\t\t\t\t<img fetchpriority=\"high\" decoding=\"async\" width=\"525\" height=\"328\" src=\"https:\/\/steinboeck.ch\/wp-content\/uploads\/2020\/03\/CoronavirusGegen-3-sprachig.jpg\" class=\"attachment-large size-large wp-image-349\" alt=\"\" srcset=\"https:\/\/steinboeck.ch\/wp-content\/uploads\/2020\/03\/CoronavirusGegen-3-sprachig.jpg 926w, https:\/\/steinboeck.ch\/wp-content\/uploads\/2020\/03\/CoronavirusGegen-3-sprachig-300x187.jpg 300w, https:\/\/steinboeck.ch\/wp-content\/uploads\/2020\/03\/CoronavirusGegen-3-sprachig-768x479.jpg 768w\" sizes=\"100vw\" \/>\t\t\t\t\t\t\t\t\t\t\t\t\t\t\t<\/div>\n\t\t\t\t<\/div>\n\t\t\t\t\t<\/div>\n\t\t<\/div>\n\t\t\t\t\t\t\t<\/div>\n\t\t<\/section>\n\t\t\t\t<section class=\"elementor-section elementor-top-section elementor-element elementor-element-df9389a elementor-section-boxed elementor-section-height-default elementor-section-height-default\" data-id=\"df9389a\" data-element_type=\"section\">\n\t\t\t\t\t\t<div class=\"elementor-container elementor-column-gap-default\">\n\t\t\t\t\t<div class=\"elementor-column elementor-col-100 elementor-top-column elementor-element elementor-element-70ea1bc\" data-id=\"70ea1bc\" data-element_type=\"column\">\n\t\t\t<div class=\"elementor-widget-wrap elementor-element-populated\">\n\t\t\t\t\t\t\t\t<div class=\"elementor-element elementor-element-e120f14 elementor-widget elementor-widget-image\" data-id=\"e120f14\" data-element_type=\"widget\" data-widget_type=\"image.default\">\n\t\t\t\t<div class=\"elementor-widget-container\">\n\t\t\t\t\t\t\t\t\t\t\t\t\t\t\t<img decoding=\"async\" width=\"525\" height=\"548\" src=\"https:\/\/steinboeck.ch\/wp-content\/uploads\/2020\/03\/CoronaVirus-SoNettes.jpg\" class=\"attachment-large size-large wp-image-340\" alt=\"\" srcset=\"https:\/\/steinboeck.ch\/wp-content\/uploads\/2020\/03\/CoronaVirus-SoNettes.jpg 585w, https:\/\/steinboeck.ch\/wp-content\/uploads\/2020\/03\/CoronaVirus-SoNettes-287x300.jpg 287w\" sizes=\"100vw\" \/>\t\t\t\t\t\t\t\t\t\t\t\t\t\t\t<\/div>\n\t\t\t\t<\/div>\n\t\t\t\t\t<\/div>\n\t\t<\/div>\n\t\t\t\t\t\t\t<\/div>\n\t\t<\/section>\n\t\t\t\t<section class=\"elementor-section elementor-top-section elementor-element elementor-element-10b6fb7 elementor-section-boxed elementor-section-height-default elementor-section-height-default\" data-id=\"10b6fb7\" data-element_type=\"section\">\n\t\t\t\t\t\t<div class=\"elementor-container elementor-column-gap-default\">\n\t\t\t\t\t<div class=\"elementor-column elementor-col-100 elementor-top-column elementor-element elementor-element-bcaba18\" data-id=\"bcaba18\" data-element_type=\"column\">\n\t\t\t<div class=\"elementor-widget-wrap elementor-element-populated\">\n\t\t\t\t\t\t\t\t<div class=\"elementor-element elementor-element-72fa213 elementor-widget elementor-widget-image\" data-id=\"72fa213\" data-element_type=\"widget\" data-widget_type=\"image.default\">\n\t\t\t\t<div class=\"elementor-widget-container\">\n\t\t\t\t\t\t\t\t\t\t\t\t\t\t\t<img decoding=\"async\" width=\"525\" height=\"445\" src=\"https:\/\/steinboeck.ch\/wp-content\/uploads\/2020\/03\/Corona-Virus-Gedicht-fHomepage.jpg\" class=\"attachment-large size-large wp-image-335\" alt=\"\" srcset=\"https:\/\/steinboeck.ch\/wp-content\/uploads\/2020\/03\/Corona-Virus-Gedicht-fHomepage.jpg 594w, https:\/\/steinboeck.ch\/wp-content\/uploads\/2020\/03\/Corona-Virus-Gedicht-fHomepage-300x254.jpg 300w\" sizes=\"100vw\" \/>\t\t\t\t\t\t\t\t\t\t\t\t\t\t\t<\/div>\n\t\t\t\t<\/div>\n\t\t\t\t\t<\/div>\n\t\t<\/div>\n\t\t\t\t\t\t\t<\/div>\n\t\t<\/section>\n\t\t\t\t\t\t\t<\/div>\n\t\t","protected":false},"excerpt":{"rendered":"<p>&#8222;Ich weiss, wie man den Geist des Volks vers\u00f6hnt; doch so verlegen bin ich nie gewesen. Zwar sind sie an das Beste nicht gew\u00f6hnt. Allein, sie haben schrecklich viel gelesen!&#8220; Goethe Faust I, Vorspiel auf dem Theater V43-46 https:\/\/youtu.be\/1HWTNPvpaUc Im Winter von Roggwil(BE) zur ber\u00fchmten Linde in Linn (AG)Ein Film von Walter F. Steinb\u00f6ck Dauer: &hellip; <\/p>\n<p class=\"link-more\"><a href=\"https:\/\/steinboeck.ch\/\" class=\"more-link\"><span class=\"screen-reader-text\">\u201eIch w\u00fcnschte sehr, der Menge zu behagen\u201c<\/span> weiterlesen<\/a><\/p>\n","protected":false},"author":1,"featured_media":0,"parent":0,"menu_order":1,"comment_status":"closed","ping_status":"closed","template":"","meta":{"footnotes":""},"class_list":["post-47","page","type-page","status-publish","hentry"],"_links":{"self":[{"href":"https:\/\/steinboeck.ch\/index.php\/wp-json\/wp\/v2\/pages\/47"}],"collection":[{"href":"https:\/\/steinboeck.ch\/index.php\/wp-json\/wp\/v2\/pages"}],"about":[{"href":"https:\/\/steinboeck.ch\/index.php\/wp-json\/wp\/v2\/types\/page"}],"author":[{"embeddable":true,"href":"https:\/\/steinboeck.ch\/index.php\/wp-json\/wp\/v2\/users\/1"}],"replies":[{"embeddable":true,"href":"https:\/\/steinboeck.ch\/index.php\/wp-json\/wp\/v2\/comments?post=47"}],"version-history":[{"count":49,"href":"https:\/\/steinboeck.ch\/index.php\/wp-json\/wp\/v2\/pages\/47\/revisions"}],"predecessor-version":[{"id":463,"href":"https:\/\/steinboeck.ch\/index.php\/wp-json\/wp\/v2\/pages\/47\/revisions\/463"}],"wp:attachment":[{"href":"https:\/\/steinboeck.ch\/index.php\/wp-json\/wp\/v2\/media?parent=47"}],"curies":[{"name":"wp","href":"https:\/\/api.w.org\/{rel}","templated":true}]}}